{"id":788,"date":"2021-03-23T21:08:53","date_gmt":"2021-03-23T21:08:53","guid":{"rendered":"https:\/\/thinknovate.com\/principios\/"},"modified":"2022-02-21T12:32:25","modified_gmt":"2022-02-21T12:32:25","slug":"principios","status":"publish","type":"page","link":"https:\/\/thinknovate.com\/ca\/principios\/","title":{"rendered":"PRINCIPIS"},"content":{"rendered":"\n<p class=\"font-RedHat has-text-color\" style=\"color:#b66f08\">To perceive is to understand<\/p>\n\n\n\n<p>\u00a0\u201c&#8230;Ens decidim a prendre la muntanya des d\u2019una altra perspectiva i intentar arribar al cim des d\u2019un cam\u00ed potser m\u00e9s arriscat, m\u00e9s escarpat, que requereix m\u00e9s temps o m\u00e9s esfor\u00e7. Perqu\u00e8 sabem que, un cop a dalt, podrem contemplar imatges mai vistes que fins i tot canviaran la nostra perspectiva del m\u00f3n, de com s\u2019havia vist fins llavors\u201d.<\/p>\n\n\n\n<p>Aquesta \u00e9s la nostra particular forma d\u2019entomar el cam\u00ed i superar els seus reptes. Una forma de fer que neix de la nostra ess\u00e8ncia.<\/p>\n","protected":false},"excerpt":{"rendered":"<p>To perceive is to understand \u00a0\u201c&#8230;Ens decidim a prendre la muntanya des d\u2019una altra perspectiva i intentar arribar al cim des d\u2019un cam\u00ed potser m\u00e9s arriscat, m\u00e9s escarpat, que requereix m\u00e9s temps o m\u00e9s esfor\u00e7. Perqu\u00e8 sabem que, un cop a dalt, podrem contemplar imatges mai vistes que fins i tot canviaran la nostra perspectiva [&hellip;]<\/p>\n","protected":false},"author":2,"featured_media":0,"parent":0,"menu_order":0,"comment_status":"closed","ping_status":"closed","template":"page-principios.php","meta":{"footnotes":""},"class_list":["post-788","page","type-page","status-publish","hentry"],"yoast_head":"<!-- This site is optimized with the Yoast SEO plugin v20.10 - https:\/\/yoast.com\/wordpress\/plugins\/seo\/ -->\n<title>PRINCIPIS - Thinknovate<\/title>\n<meta name=\"robots\" content=\"index, follow, max-snippet:-1, max-image-preview:large, max-video-preview:-1\" \/>\n<link rel=\"canonical\" href=\"https:\/\/thinknovate.com\/ca\/principios\/\" \/>\n<meta property=\"og:locale\" content=\"ca_ES\" \/>\n<meta property=\"og:type\" content=\"article\" \/>\n<meta property=\"og:title\" content=\"PRINCIPIS - Thinknovate\" \/>\n<meta property=\"og:description\" content=\"To perceive is to understand \u00a0\u201c&#8230;Ens decidim a prendre la muntanya des d\u2019una altra perspectiva i intentar arribar al cim des d\u2019un cam\u00ed potser m\u00e9s arriscat, m\u00e9s escarpat, que requereix m\u00e9s temps o m\u00e9s esfor\u00e7. Perqu\u00e8 sabem que, un cop a dalt, podrem contemplar imatges mai vistes que fins i tot canviaran la nostra perspectiva [&hellip;]\" \/>\n<meta property=\"og:url\" content=\"https:\/\/thinknovate.com\/ca\/principios\/\" \/>\n<meta property=\"og:site_name\" content=\"Thinknovate\" \/>\n<meta property=\"article:modified_time\" content=\"2022-02-21T12:32:25+00:00\" \/>\n<meta property=\"og:image\" content=\"https:\/\/thinknovate.com\/wp-content\/uploads\/2023\/10\/1440x900_HEADER_HOME2-scaled-4.jpg\" \/>\n\t<meta property=\"og:image:width\" content=\"2560\" \/>\n\t<meta property=\"og:image:height\" content=\"1600\" \/>\n\t<meta property=\"og:image:type\" content=\"image\/jpeg\" \/>\n<meta name=\"twitter:card\" content=\"summary_large_image\" \/>\n<script type=\"application\/ld+json\" class=\"yoast-schema-graph\">{\"@context\":\"https:\/\/schema.org\",\"@graph\":[{\"@type\":\"WebPage\",\"@id\":\"https:\/\/thinknovate.com\/ca\/principios\/\",\"url\":\"https:\/\/thinknovate.com\/ca\/principios\/\",\"name\":\"PRINCIPIS - Thinknovate\",\"isPartOf\":{\"@id\":\"https:\/\/thinknovate.com\/#website\"},\"datePublished\":\"2021-03-23T21:08:53+00:00\",\"dateModified\":\"2022-02-21T12:32:25+00:00\",\"breadcrumb\":{\"@id\":\"https:\/\/thinknovate.com\/ca\/principios\/#breadcrumb\"},\"inLanguage\":\"ca\",\"potentialAction\":[{\"@type\":\"ReadAction\",\"target\":[\"https:\/\/thinknovate.com\/ca\/principios\/\"]}]},{\"@type\":\"BreadcrumbList\",\"@id\":\"https:\/\/thinknovate.com\/ca\/principios\/#breadcrumb\",\"itemListElement\":[{\"@type\":\"ListItem\",\"position\":1,\"name\":\"Portada\",\"item\":\"https:\/\/thinknovate.com\/ca\/\"},{\"@type\":\"ListItem\",\"position\":2,\"name\":\"PRINCIPIS\"}]},{\"@type\":\"WebSite\",\"@id\":\"https:\/\/thinknovate.com\/#website\",\"url\":\"https:\/\/thinknovate.com\/\",\"name\":\"Thinknovate\",\"description\":\"Thinknovate\",\"publisher\":{\"@id\":\"https:\/\/thinknovate.com\/#organization\"},\"potentialAction\":[{\"@type\":\"SearchAction\",\"target\":{\"@type\":\"EntryPoint\",\"urlTemplate\":\"https:\/\/thinknovate.com\/?s={search_term_string}\"},\"query-input\":\"required name=search_term_string\"}],\"inLanguage\":\"ca\"},{\"@type\":\"Organization\",\"@id\":\"https:\/\/thinknovate.com\/#organization\",\"name\":\"Thinknovate\",\"url\":\"https:\/\/thinknovate.com\/\",\"logo\":{\"@type\":\"ImageObject\",\"inLanguage\":\"ca\",\"@id\":\"https:\/\/thinknovate.com\/#\/schema\/logo\/image\/\",\"url\":\"https:\/\/thinknovate.com\/wp-content\/uploads\/2023\/03\/Captura-de-pantalla-2023-03-14-a-las-17.29.41.png\",\"contentUrl\":\"https:\/\/thinknovate.com\/wp-content\/uploads\/2023\/03\/Captura-de-pantalla-2023-03-14-a-las-17.29.41.png\",\"width\":811,\"height\":527,\"caption\":\"Thinknovate\"},\"image\":{\"@id\":\"https:\/\/thinknovate.com\/#\/schema\/logo\/image\/\"},\"sameAs\":[\"https:\/\/www.linkedin.com\/company\/thinknovate\"]}]}<\/script>\n<!-- \/ Yoast SEO plugin. -->","yoast_head_json":{"title":"PRINCIPIS - Thinknovate","robots":{"index":"index","follow":"follow","max-snippet":"max-snippet:-1","max-image-preview":"max-image-preview:large","max-video-preview":"max-video-preview:-1"},"canonical":"https:\/\/thinknovate.com\/ca\/principios\/","og_locale":"ca_ES","og_type":"article","og_title":"PRINCIPIS - Thinknovate","og_description":"To perceive is to understand \u00a0\u201c&#8230;Ens decidim a prendre la muntanya des d\u2019una altra perspectiva i intentar arribar al cim des d\u2019un cam\u00ed potser m\u00e9s arriscat, m\u00e9s escarpat, que requereix m\u00e9s temps o m\u00e9s esfor\u00e7. Perqu\u00e8 sabem que, un cop a dalt, podrem contemplar imatges mai vistes que fins i tot canviaran la nostra perspectiva [&hellip;]","og_url":"https:\/\/thinknovate.com\/ca\/principios\/","og_site_name":"Thinknovate","article_modified_time":"2022-02-21T12:32:25+00:00","og_image":[{"width":2560,"height":1600,"url":"https:\/\/thinknovate.com\/wp-content\/uploads\/2023\/10\/1440x900_HEADER_HOME2-scaled-4.jpg","type":"image\/jpeg"}],"twitter_card":"summary_large_image","schema":{"@context":"https:\/\/schema.org","@graph":[{"@type":"WebPage","@id":"https:\/\/thinknovate.com\/ca\/principios\/","url":"https:\/\/thinknovate.com\/ca\/principios\/","name":"PRINCIPIS - Thinknovate","isPartOf":{"@id":"https:\/\/thinknovate.com\/#website"},"datePublished":"2021-03-23T21:08:53+00:00","dateModified":"2022-02-21T12:32:25+00:00","breadcrumb":{"@id":"https:\/\/thinknovate.com\/ca\/principios\/#breadcrumb"},"inLanguage":"ca","potentialAction":[{"@type":"ReadAction","target":["https:\/\/thinknovate.com\/ca\/principios\/"]}]},{"@type":"BreadcrumbList","@id":"https:\/\/thinknovate.com\/ca\/principios\/#breadcrumb","itemListElement":[{"@type":"ListItem","position":1,"name":"Portada","item":"https:\/\/thinknovate.com\/ca\/"},{"@type":"ListItem","position":2,"name":"PRINCIPIS"}]},{"@type":"WebSite","@id":"https:\/\/thinknovate.com\/#website","url":"https:\/\/thinknovate.com\/","name":"Thinknovate","description":"Thinknovate","publisher":{"@id":"https:\/\/thinknovate.com\/#organization"},"potentialAction":[{"@type":"SearchAction","target":{"@type":"EntryPoint","urlTemplate":"https:\/\/thinknovate.com\/?s={search_term_string}"},"query-input":"required name=search_term_string"}],"inLanguage":"ca"},{"@type":"Organization","@id":"https:\/\/thinknovate.com\/#organization","name":"Thinknovate","url":"https:\/\/thinknovate.com\/","logo":{"@type":"ImageObject","inLanguage":"ca","@id":"https:\/\/thinknovate.com\/#\/schema\/logo\/image\/","url":"https:\/\/thinknovate.com\/wp-content\/uploads\/2023\/03\/Captura-de-pantalla-2023-03-14-a-las-17.29.41.png","contentUrl":"https:\/\/thinknovate.com\/wp-content\/uploads\/2023\/03\/Captura-de-pantalla-2023-03-14-a-las-17.29.41.png","width":811,"height":527,"caption":"Thinknovate"},"image":{"@id":"https:\/\/thinknovate.com\/#\/schema\/logo\/image\/"},"sameAs":["https:\/\/www.linkedin.com\/company\/thinknovate"]}]}},"_links":{"self":[{"href":"https:\/\/thinknovate.com\/ca\/wp-json\/wp\/v2\/pages\/788","targetHints":{"allow":["GET"]}}],"collection":[{"href":"https:\/\/thinknovate.com\/ca\/wp-json\/wp\/v2\/pages"}],"about":[{"href":"https:\/\/thinknovate.com\/ca\/wp-json\/wp\/v2\/types\/page"}],"author":[{"embeddable":true,"href":"https:\/\/thinknovate.com\/ca\/wp-json\/wp\/v2\/users\/2"}],"replies":[{"embeddable":true,"href":"https:\/\/thinknovate.com\/ca\/wp-json\/wp\/v2\/comments?post=788"}],"version-history":[{"count":8,"href":"https:\/\/thinknovate.com\/ca\/wp-json\/wp\/v2\/pages\/788\/revisions"}],"predecessor-version":[{"id":799,"href":"https:\/\/thinknovate.com\/ca\/wp-json\/wp\/v2\/pages\/788\/revisions\/799"}],"wp:attachment":[{"href":"https:\/\/thinknovate.com\/ca\/wp-json\/wp\/v2\/media?parent=788"}],"curies":[{"name":"wp","href":"https:\/\/api.w.org\/{rel}","templated":true}]}}