{"id":643,"date":"2021-03-22T14:26:30","date_gmt":"2021-03-22T14:26:30","guid":{"rendered":"https:\/\/thinknovate.com\/servicios\/"},"modified":"2025-11-04T10:48:52","modified_gmt":"2025-11-04T10:48:52","slug":"thinknovate","status":"publish","type":"page","link":"https:\/\/thinknovate.com\/ca\/","title":{"rendered":"Thinknovate"},"content":{"rendered":"\n<p>Thinknovate \u00e9s la <em>spin-off<\/em> de elBullifoundation especialitzada en innovaci\u00f3 i gesti\u00f3, que apropa i aplica la metodologia Sapiens en l\u2019\u00e0mbit empresarial.<\/p>\n\n\n\n<p>Innovar implica dotar als projectes de noves perspectives i dimensions que aportin valor i sentit, sempre acompanyats d\u2019una excel\u00b7l\u00e8ncia en la gesti\u00f3. Ho fem possible gr\u00e0cies a la metodologia Sapiens, que integra noves t\u00e8cniques i eines que desenvolupem i apliquem a la mida de cada negoci per a que es produeixi un impacte positiu.<\/p>\n\n\n\n<p>La nostra experi\u00e8ncia treballant al costat de Ferran Adri\u00e0 a laFundaci\u00f3 ens permet traslladar aquest coneixement a les persones i organitzacions, acompanyant-les i promovent de forma org\u00e0nica la innovaci\u00f3 com a motor de canvi, per aconseguir nous i millors resultats.<\/p>\n\n\n\n<p><em>Percebre per comprendre \u00e9s el nostre principi. Comprendre per innovar<\/em> \u00e9s el nostre fi. Ens referim a una comprensi\u00f3 m\u00e9s enll\u00e0 de l\u2019intel\u00b7lectual, l\u2019anal\u00edtic i el racional, que acull tots els matisos del sensorial, l\u2019intu\u00eftiu i l\u2019emocional. Thinknovate uneix totes dues perspectives per obtenir una visi\u00f3 hol\u00edstica del negoci.<\/p>\n","protected":false},"excerpt":{"rendered":"<p>Thinknovate \u00e9s la spin-off de elBullifoundation especialitzada en innovaci\u00f3 i gesti\u00f3, que apropa i aplica la metodologia Sapiens en l\u2019\u00e0mbit empresarial. Innovar implica dotar als projectes de noves perspectives i dimensions que aportin valor i sentit, sempre acompanyats d\u2019una excel\u00b7l\u00e8ncia en la gesti\u00f3. Ho fem possible gr\u00e0cies a la metodologia Sapiens, que integra noves t\u00e8cniques [&hellip;]<\/p>\n","protected":false},"author":2,"featured_media":0,"parent":0,"menu_order":0,"comment_status":"closed","ping_status":"closed","template":"page-langingpage.php","meta":{"footnotes":""},"class_list":["post-643","page","type-page","status-publish","hentry"],"yoast_head":"<!-- This site is optimized with the Yoast SEO plugin v20.10 - https:\/\/yoast.com\/wordpress\/plugins\/seo\/ -->\n<title>Thinknovate - To perceive is to understand<\/title>\n<meta name=\"description\" content=\"Thinknovate \u00e9s la spin-off de elBullifoundation especialitzada en innovaci\u00f3 i gesti\u00f3, que apropa i aplica la metodologia Sapiens en l\u2019\u00e0mbit empresarial.\" \/>\n<meta name=\"robots\" content=\"index, follow, max-snippet:-1, max-image-preview:large, max-video-preview:-1\" \/>\n<link rel=\"canonical\" href=\"https:\/\/thinknovate.com\/ca\/\" \/>\n<meta property=\"og:locale\" content=\"ca_ES\" \/>\n<meta property=\"og:type\" content=\"article\" \/>\n<meta property=\"og:title\" content=\"Thinknovate - To perceive is to understand\" \/>\n<meta property=\"og:description\" content=\"Thinknovate \u00e9s la spin-off de elBullifoundation especialitzada en innovaci\u00f3 i gesti\u00f3, que apropa i aplica la metodologia Sapiens en l\u2019\u00e0mbit empresarial.\" \/>\n<meta property=\"og:url\" content=\"https:\/\/thinknovate.com\/ca\/\" \/>\n<meta property=\"og:site_name\" content=\"Thinknovate\" \/>\n<meta property=\"article:modified_time\" content=\"2025-11-04T10:48:52+00:00\" \/>\n<meta property=\"og:image\" content=\"https:\/\/thinknovate.com\/wp-content\/uploads\/2023\/10\/1440x900_HEADER_HOME2-scaled-4.jpg\" \/>\n\t<meta property=\"og:image:width\" content=\"2560\" \/>\n\t<meta property=\"og:image:height\" content=\"1600\" \/>\n\t<meta property=\"og:image:type\" content=\"image\/jpeg\" \/>\n<meta name=\"twitter:card\" content=\"summary_large_image\" \/>\n<meta name=\"twitter:label1\" content=\"Temps estimat de lectura\" \/>\n\t<meta name=\"twitter:data1\" content=\"1 minut\" \/>\n<script type=\"application\/ld+json\" class=\"yoast-schema-graph\">{\"@context\":\"https:\/\/schema.org\",\"@graph\":[{\"@type\":\"WebPage\",\"@id\":\"https:\/\/thinknovate.com\/ca\/\",\"url\":\"https:\/\/thinknovate.com\/ca\/\",\"name\":\"Thinknovate - To perceive is to understand\",\"isPartOf\":{\"@id\":\"https:\/\/thinknovate.com\/#website\"},\"datePublished\":\"2021-03-22T14:26:30+00:00\",\"dateModified\":\"2025-11-04T10:48:52+00:00\",\"description\":\"Thinknovate \u00e9s la spin-off de elBullifoundation especialitzada en innovaci\u00f3 i gesti\u00f3, que apropa i aplica la metodologia Sapiens en l\u2019\u00e0mbit empresarial.\",\"breadcrumb\":{\"@id\":\"https:\/\/thinknovate.com\/ca\/#breadcrumb\"},\"inLanguage\":\"ca\",\"potentialAction\":[{\"@type\":\"ReadAction\",\"target\":[\"https:\/\/thinknovate.com\/ca\/\"]}]},{\"@type\":\"BreadcrumbList\",\"@id\":\"https:\/\/thinknovate.com\/ca\/#breadcrumb\",\"itemListElement\":[{\"@type\":\"ListItem\",\"position\":1,\"name\":\"Portada\",\"item\":\"https:\/\/thinknovate.com\/ca\/\"},{\"@type\":\"ListItem\",\"position\":2,\"name\":\"Thinknovate\"}]},{\"@type\":\"WebSite\",\"@id\":\"https:\/\/thinknovate.com\/#website\",\"url\":\"https:\/\/thinknovate.com\/\",\"name\":\"Thinknovate\",\"description\":\"Thinknovate\",\"publisher\":{\"@id\":\"https:\/\/thinknovate.com\/#organization\"},\"potentialAction\":[{\"@type\":\"SearchAction\",\"target\":{\"@type\":\"EntryPoint\",\"urlTemplate\":\"https:\/\/thinknovate.com\/?s={search_term_string}\"},\"query-input\":\"required name=search_term_string\"}],\"inLanguage\":\"ca\"},{\"@type\":\"Organization\",\"@id\":\"https:\/\/thinknovate.com\/#organization\",\"name\":\"Thinknovate\",\"url\":\"https:\/\/thinknovate.com\/\",\"logo\":{\"@type\":\"ImageObject\",\"inLanguage\":\"ca\",\"@id\":\"https:\/\/thinknovate.com\/#\/schema\/logo\/image\/\",\"url\":\"https:\/\/thinknovate.com\/wp-content\/uploads\/2023\/03\/Captura-de-pantalla-2023-03-14-a-las-17.29.41.png\",\"contentUrl\":\"https:\/\/thinknovate.com\/wp-content\/uploads\/2023\/03\/Captura-de-pantalla-2023-03-14-a-las-17.29.41.png\",\"width\":811,\"height\":527,\"caption\":\"Thinknovate\"},\"image\":{\"@id\":\"https:\/\/thinknovate.com\/#\/schema\/logo\/image\/\"},\"sameAs\":[\"https:\/\/www.linkedin.com\/company\/thinknovate\"]}]}<\/script>\n<!-- \/ Yoast SEO plugin. -->","yoast_head_json":{"title":"Thinknovate - To perceive is to understand","description":"Thinknovate \u00e9s la spin-off de elBullifoundation especialitzada en innovaci\u00f3 i gesti\u00f3, que apropa i aplica la metodologia Sapiens en l\u2019\u00e0mbit empresarial.","robots":{"index":"index","follow":"follow","max-snippet":"max-snippet:-1","max-image-preview":"max-image-preview:large","max-video-preview":"max-video-preview:-1"},"canonical":"https:\/\/thinknovate.com\/ca\/","og_locale":"ca_ES","og_type":"article","og_title":"Thinknovate - To perceive is to understand","og_description":"Thinknovate \u00e9s la spin-off de elBullifoundation especialitzada en innovaci\u00f3 i gesti\u00f3, que apropa i aplica la metodologia Sapiens en l\u2019\u00e0mbit empresarial.","og_url":"https:\/\/thinknovate.com\/ca\/","og_site_name":"Thinknovate","article_modified_time":"2025-11-04T10:48:52+00:00","og_image":[{"width":2560,"height":1600,"url":"https:\/\/thinknovate.com\/wp-content\/uploads\/2023\/10\/1440x900_HEADER_HOME2-scaled-4.jpg","type":"image\/jpeg"}],"twitter_card":"summary_large_image","twitter_misc":{"Temps estimat de lectura":"1 minut"},"schema":{"@context":"https:\/\/schema.org","@graph":[{"@type":"WebPage","@id":"https:\/\/thinknovate.com\/ca\/","url":"https:\/\/thinknovate.com\/ca\/","name":"Thinknovate - To perceive is to understand","isPartOf":{"@id":"https:\/\/thinknovate.com\/#website"},"datePublished":"2021-03-22T14:26:30+00:00","dateModified":"2025-11-04T10:48:52+00:00","description":"Thinknovate \u00e9s la spin-off de elBullifoundation especialitzada en innovaci\u00f3 i gesti\u00f3, que apropa i aplica la metodologia Sapiens en l\u2019\u00e0mbit empresarial.","breadcrumb":{"@id":"https:\/\/thinknovate.com\/ca\/#breadcrumb"},"inLanguage":"ca","potentialAction":[{"@type":"ReadAction","target":["https:\/\/thinknovate.com\/ca\/"]}]},{"@type":"BreadcrumbList","@id":"https:\/\/thinknovate.com\/ca\/#breadcrumb","itemListElement":[{"@type":"ListItem","position":1,"name":"Portada","item":"https:\/\/thinknovate.com\/ca\/"},{"@type":"ListItem","position":2,"name":"Thinknovate"}]},{"@type":"WebSite","@id":"https:\/\/thinknovate.com\/#website","url":"https:\/\/thinknovate.com\/","name":"Thinknovate","description":"Thinknovate","publisher":{"@id":"https:\/\/thinknovate.com\/#organization"},"potentialAction":[{"@type":"SearchAction","target":{"@type":"EntryPoint","urlTemplate":"https:\/\/thinknovate.com\/?s={search_term_string}"},"query-input":"required name=search_term_string"}],"inLanguage":"ca"},{"@type":"Organization","@id":"https:\/\/thinknovate.com\/#organization","name":"Thinknovate","url":"https:\/\/thinknovate.com\/","logo":{"@type":"ImageObject","inLanguage":"ca","@id":"https:\/\/thinknovate.com\/#\/schema\/logo\/image\/","url":"https:\/\/thinknovate.com\/wp-content\/uploads\/2023\/03\/Captura-de-pantalla-2023-03-14-a-las-17.29.41.png","contentUrl":"https:\/\/thinknovate.com\/wp-content\/uploads\/2023\/03\/Captura-de-pantalla-2023-03-14-a-las-17.29.41.png","width":811,"height":527,"caption":"Thinknovate"},"image":{"@id":"https:\/\/thinknovate.com\/#\/schema\/logo\/image\/"},"sameAs":["https:\/\/www.linkedin.com\/company\/thinknovate"]}]}},"_links":{"self":[{"href":"https:\/\/thinknovate.com\/ca\/wp-json\/wp\/v2\/pages\/643","targetHints":{"allow":["GET"]}}],"collection":[{"href":"https:\/\/thinknovate.com\/ca\/wp-json\/wp\/v2\/pages"}],"about":[{"href":"https:\/\/thinknovate.com\/ca\/wp-json\/wp\/v2\/types\/page"}],"author":[{"embeddable":true,"href":"https:\/\/thinknovate.com\/ca\/wp-json\/wp\/v2\/users\/2"}],"replies":[{"embeddable":true,"href":"https:\/\/thinknovate.com\/ca\/wp-json\/wp\/v2\/comments?post=643"}],"version-history":[{"count":10,"href":"https:\/\/thinknovate.com\/ca\/wp-json\/wp\/v2\/pages\/643\/revisions"}],"predecessor-version":[{"id":1221,"href":"https:\/\/thinknovate.com\/ca\/wp-json\/wp\/v2\/pages\/643\/revisions\/1221"}],"wp:attachment":[{"href":"https:\/\/thinknovate.com\/ca\/wp-json\/wp\/v2\/media?parent=643"}],"curies":[{"name":"wp","href":"https:\/\/api.w.org\/{rel}","templated":true}]}}